{"id":207,"date":"2026-02-27T08:27:01","date_gmt":"2026-02-27T08:27:01","guid":{"rendered":"https:\/\/neviguardiola.com\/?page_id=207"},"modified":"2026-02-27T09:28:37","modified_gmt":"2026-02-27T09:28:37","slug":"207-2","status":"publish","type":"page","link":"https:\/\/neviguardiola.com\/ca\/207-2\/","title":{"rendered":"AV\u00cdS LEGAL"},"content":{"rendered":"<p>[et_pb_section fb_built=\u00bb1&#8243; admin_label=\u00bbClasses\u00bb _builder_version=\u00bb4.17.4&#8243; _module_preset=\u00bbdefault\u00bb locked=\u00bboff\u00bb collapsed=\u00bbon\u00bb global_colors_info=\u00bb{}\u00bb][et_pb_row _builder_version=\u00bb4.17.4&#8243; _module_preset=\u00bbdefault\u00bb global_colors_info=\u00bb{}\u00bb][et_pb_column type=\u00bb4_4&#8243; _builder_version=\u00bb4.17.4&#8243; _module_preset=\u00bbdefault\u00bb global_colors_info=\u00bb{}\u00bb][et_pb_text _builder_version=\u00bb4.17.4&#8243; _module_preset=\u00bbc16985e1-e0d6-4022-964d-e2bfc04fa633&#8243; header_font=\u00bbCinzel||||||||\u00bb header_text_color=\u00bb#000000&#8243; header_font_size=\u00bb60px\u00bb header_line_height=\u00bb1.2em\u00bb header_font_size_tablet=\u00bb40px\u00bb header_font_size_phone=\u00bb24px\u00bb header_font_size_last_edited=\u00bbon|desktop\u00bb text_orientation_tablet=\u00bbcenter\u00bb text_orientation_phone=\u00bbcenter\u00bb text_orientation_last_edited=\u00bbon|tablet\u00bb global_colors_info=\u00bb{}\u00bb]<\/p>\n<h1>AVISO LEGAL<\/h1>\n<p>[\/et_pb_text][\/et_pb_column][\/et_pb_row][et_pb_row _builder_version=\u00bb4.27.5&#8243; _module_preset=\u00bbdefault\u00bb global_colors_info=\u00bb{}\u00bb][et_pb_column type=\u00bb4_4&#8243; _builder_version=\u00bb4.27.5&#8243; _module_preset=\u00bbdefault\u00bb global_colors_info=\u00bb{}\u00bb][et_pb_text _builder_version=\u00bb4.27.5&#8243; _module_preset=\u00bbdefault\u00bb global_colors_info=\u00bb{}\u00bb]<\/p>\n<h3 data-path-to-node=\"4\">1. DATOS IDENTIFICATIVOS<\/h3>\n<p data-path-to-node=\"5\">En cumplimiento con el deber de informaci\u00f3n recogido en art\u00edculo 10 de la Ley 34\/2002, de 11 de julio, de Servicios de la Sociedad de la Informaci\u00f3n y del Comercio Electr\u00f3nico, a continuaci\u00f3n se reflejan los siguientes datos:<\/p>\n<ul data-path-to-node=\"6\">\n<li>\n<p data-path-to-node=\"6,0,0\"><b data-path-to-node=\"6,0,0\" data-index-in-node=\"0\">Titular del sitio web:<\/b> Mar\u00eda de las Nieves Guardiola Mar\u00edn<\/p>\n<\/li>\n<li>\n<p data-path-to-node=\"6,1,0\"><b data-path-to-node=\"6,1,0\" data-index-in-node=\"0\">NIF\/CIF:<\/b> 46942359A<\/p>\n<\/li>\n<li>\n<p data-path-to-node=\"6,2,0\"><b data-path-to-node=\"6,2,0\" data-index-in-node=\"0\">Domicilio:<\/b> Carrer del Nord, 35, 08291 Ripollet, Barcelona<\/p>\n<\/li>\n<li>\n<p data-path-to-node=\"6,3,0\"><b data-path-to-node=\"6,3,0\" data-index-in-node=\"0\">Correo electr\u00f3nico de contacto:<\/b> healthyfoodbynevi@gmail.com<\/p>\n<\/li>\n<li>\n<p data-path-to-node=\"6,4,0\"><b data-path-to-node=\"6,4,0\" data-index-in-node=\"0\">Tel\u00e9fono de contacto:<\/b> 614 08 46 36<\/p>\n<\/li>\n<li>\n<p data-path-to-node=\"6,5,0\"><b data-path-to-node=\"6,5,0\" data-index-in-node=\"0\">Nombre de dominio:<\/b> <response-element class=\"\" ng-version=\"0.0.0-PLACEHOLDER\"><link-block _nghost-ng-c2465228618=\"\" class=\"ng-star-inserted\"><a _ngcontent-ng-c2465228618=\"\" target=\"_blank\" rel=\"noopener\" externallink=\"\" _nghost-ng-c461607764=\"\" jslog=\"197247;track:generic_click,impression,attention;BardVeMetadataKey:[[&quot;r_24024873f81742f2&quot;,&quot;c_4776acd6fcff8e9a&quot;,null,&quot;rc_11de0423ecde9faf&quot;,null,null,&quot;es&quot;,null,1,null,null,1,0]]\" href=\"https:\/\/neviguardiola.com\/\" class=\"ng-star-inserted\" data-hveid=\"0\" decode-data-ved=\"1\" data-ved=\"0CAAQ_4QMahgKEwjz3KKenvmSAxUAAAAAHQAAAAAQkQE\">https:\/\/neviguardiola.com\/<\/a><\/link-block><\/response-element><\/p>\n<\/li>\n<\/ul>\n<h3 data-path-to-node=\"7\">2. USUARIOS<\/h3>\n<p data-path-to-node=\"8\">El acceso y\/o uso de este portal de Nevi Guardiola atribuye la condici\u00f3n de <b data-path-to-node=\"8\" data-index-in-node=\"76\">USUARIO<\/b>, que acepta, desde dicho acceso y\/o uso, las Condiciones Generales de Uso aqu\u00ed reflejadas. Las citadas Condiciones ser\u00e1n de aplicaci\u00f3n independientemente de las Condiciones Generales de Contrataci\u00f3n que en su caso resulten de obligado cumplimiento.<\/p>\n<h3 data-path-to-node=\"9\">3. USO DEL PORTAL<\/h3>\n<p data-path-to-node=\"10\"><b data-path-to-node=\"10\" data-index-in-node=\"0\"><response-element class=\"\" ng-version=\"0.0.0-PLACEHOLDER\"><link-block _nghost-ng-c2465228618=\"\" class=\"ng-star-inserted\"><a _ngcontent-ng-c2465228618=\"\" target=\"_blank\" rel=\"noopener\" externallink=\"\" _nghost-ng-c461607764=\"\" jslog=\"197247;track:generic_click,impression,attention;BardVeMetadataKey:[[&quot;r_24024873f81742f2&quot;,&quot;c_4776acd6fcff8e9a&quot;,null,&quot;rc_11de0423ecde9faf&quot;,null,null,&quot;es&quot;,null,1,null,null,1,0]]\" href=\"https:\/\/neviguardiola.com\/\" class=\"ng-star-inserted\" data-hveid=\"0\" decode-data-ved=\"1\" data-ved=\"0CAAQ_4QMahgKEwjz3KKenvmSAxUAAAAAHQAAAAAQkgE\">https:\/\/neviguardiola.com\/<\/a><\/link-block><\/response-element><\/b> proporciona el acceso a multitud de informaciones, servicios, programas o datos (en adelante, \u00ablos contenidos\u00bb) en Internet pertenecientes a Nevi Guardiola o a sus licenciantes a los que el USUARIO pueda tener acceso.<\/p>\n<p data-path-to-node=\"11\">El USUARIO asume la responsabilidad del uso del portal. Dicha responsabilidad se extiende al registro que fuese necesario para acceder a determinados servicios o contenidos. En dicho registro el USUARIO ser\u00e1 responsable de aportar informaci\u00f3n veraz y l\u00edcita.<\/p>\n<h3 data-path-to-node=\"12\">4. PROTECCI\u00d3N DE DATOS<\/h3>\n<p data-path-to-node=\"13\">Nevi Guardiola cumple con las directrices del Reglamento General de Protecci\u00f3n de Datos (RGPD) y dem\u00e1s normativa vigente en cada momento, y vela por garantizar un correcto uso y tratamiento de los datos personales del usuario. Para ello, junto a cada formulario de recabo de datos de car\u00e1cter personal, har\u00e1 saber al usuario de la existencia y aceptaci\u00f3n de las condiciones particulares del tratamiento de sus datos en cada caso.<\/p>\n<h3 data-path-to-node=\"14\">5. PROPIEDAD INTELECTUAL E INDUSTRIAL<\/h3>\n<p data-path-to-node=\"15\">Nevi Guardiola por s\u00ed o como cesionaria, es titular de todos los derechos de propiedad intelectual e industrial de su p\u00e1gina web, as\u00ed como de los elementos contenidos en la misma (a t\u00edtulo enunciativo, im\u00e1genes, sonido, audio, v\u00eddeo, software o textos; marcas o logotipos, combinaciones de colores, estructura y dise\u00f1o, selecci\u00f3n de materiales usados, programas de ordenador necesarios para su funcionamiento, acceso y uso, etc.).<\/p>\n<p data-path-to-node=\"16\">Todos los derechos reservados. En virtud de lo dispuesto en la Ley de Propiedad Intelectual, quedan expresamente prohibidas la reproducci\u00f3n, la distribuci\u00f3n y la comunicaci\u00f3n p\u00fablica, incluida su modalidad de puesta a disposici\u00f3n, de la totalidad o parte de los contenidos de esta p\u00e1gina web, con fines comerciales, en cualquier soporte y por cualquier medio t\u00e9cnico, sin la autorizaci\u00f3n de Nevi Guardiola.<\/p>\n<h3 data-path-to-node=\"17\">6. EXCLUSI\u00d3N DE GARANT\u00cdAS Y RESPONSABILIDAD<\/h3>\n<p data-path-to-node=\"18\">Nevi Guardiola no se hace responsable, en ning\u00fan caso, de los da\u00f1os y perjuicios de cualquier naturaleza que pudieran ocasionar, a t\u00edtulo enunciativo: errores u omisiones en los contenidos, falta de disponibilidad del portal o la transmisi\u00f3n de virus o programas maliciosos o lesivos en los contenidos, a pesar de haber adoptado todas las medidas tecnol\u00f3gicas necesarias para evitarlo.<\/p>\n<p data-path-to-node=\"19\">Los contenidos de esta web relacionados con la nutrici\u00f3n y el bienestar tienen un car\u00e1cter informativo y divulgativo. En ning\u00fan caso sustituyen el asesoramiento m\u00e9dico profesional, diagn\u00f3stico o tratamiento.<\/p>\n<h3 data-path-to-node=\"20\">7. MODIFICACIONES<\/h3>\n<p data-path-to-node=\"21\">Nevi Guardiola se reserva el derecho de efectuar sin previo aviso las modificaciones que considere oportunas en su portal, pudiendo cambiar, suprimir o a\u00f1adir tanto los contenidos y servicios que se presten a trav\u00e9s de la misma como la forma en la que \u00e9stos aparezcan presentados o localizados en su portal.<\/p>\n<h3 data-path-to-node=\"22\">8. ENLACES<\/h3>\n<p data-path-to-node=\"23\">En el caso de que en <b data-path-to-node=\"23\" data-index-in-node=\"21\"><response-element class=\"\" ng-version=\"0.0.0-PLACEHOLDER\"><link-block _nghost-ng-c2465228618=\"\" class=\"ng-star-inserted\"><a _ngcontent-ng-c2465228618=\"\" target=\"_blank\" rel=\"noopener\" externallink=\"\" _nghost-ng-c461607764=\"\" jslog=\"197247;track:generic_click,impression,attention;BardVeMetadataKey:[[&quot;r_24024873f81742f2&quot;,&quot;c_4776acd6fcff8e9a&quot;,null,&quot;rc_11de0423ecde9faf&quot;,null,null,&quot;es&quot;,null,1,null,null,1,0]]\" href=\"https:\/\/neviguardiola.com\/\" class=\"ng-star-inserted\" data-hveid=\"0\" decode-data-ved=\"1\" data-ved=\"0CAAQ_4QMahgKEwjz3KKenvmSAxUAAAAAHQAAAAAQkwE\">https:\/\/neviguardiola.com\/<\/a><\/link-block><\/response-element><\/b> se dispusiesen enlaces o hiperv\u00ednculos hac\u00eda otros sitios de Internet, Nevi Guardiola no ejercer\u00e1 ning\u00fan tipo de control sobre dichos sitios y contenidos. En ning\u00fan caso Nevi Guardiola asumir\u00e1 responsabilidad alguna por los contenidos de alg\u00fan enlace perteneciente a un sitio web ajeno.<\/p>\n<h3 data-path-to-node=\"24\">9. GENERALIDADES<\/h3>\n<p data-path-to-node=\"25\">Nevi Guardiola perseguir\u00e1 el incumplimiento de las presentes condiciones as\u00ed como cualquier utilizaci\u00f3n indebida de su portal ejerciendo todas las acciones civiles y penales que le puedan corresponder en derecho.<\/p>\n<h3 data-path-to-node=\"26\">10. LEGISLACI\u00d3N APLICABLE Y JURISDICCI\u00d3N<\/h3>\n<p data-path-to-node=\"27\">La relaci\u00f3n entre Nevi Guardiola y el USUARIO se regir\u00e1 por la normativa espa\u00f1ola vigente y cualquier controversia se someter\u00e1 a los Juzgados y tribunales de la ciudad de <b data-path-to-node=\"27\" data-index-in-node=\"171\">Barcelona<\/b>.<\/p>\n<p>[\/et_pb_text][\/et_pb_column][\/et_pb_row][\/et_pb_section][et_pb_section fb_built=\u00bb1&#8243; fullwidth=\u00bbon\u00bb _builder_version=\u00bb4.27.5&#8243; _module_preset=\u00bbdefault\u00bb global_colors_info=\u00bb{}\u00bb][et_pb_fullwidth_image src=\u00bbhttp:\/\/neviguardiola.com\/wp-content\/uploads\/2026\/02\/BANNER-KIT-DIGITAL1.png\u00bb title_text=\u00bbBANNER-KIT-DIGITAL(1)\u00bb _builder_version=\u00bb4.27.5&#8243; _module_preset=\u00bbdefault\u00bb global_colors_info=\u00bb{}\u00bb][\/et_pb_fullwidth_image][\/et_pb_section]<\/p>\n","protected":false},"excerpt":{"rendered":"<p>AVISO LEGAL1. DATOS IDENTIFICATIVOS En cumplimiento con el deber de informaci\u00f3n recogido en art\u00edculo 10 de la Ley 34\/2002, de 11 de julio, de Servicios de la Sociedad de la Informaci\u00f3n y del Comercio Electr\u00f3nico, a continuaci\u00f3n se reflejan los siguientes datos: Titular del sitio web: Mar\u00eda de las Nieves Guardiola Mar\u00edn NIF\/CIF: 46942359A Domicilio: [&hellip;]<\/p>\n","protected":false},"author":1,"featured_media":0,"parent":0,"menu_order":0,"comment_status":"closed","ping_status":"closed","template":"","meta":{"_et_pb_use_builder":"on","_et_pb_old_content":"","_et_gb_content_width":"","footnotes":""},"class_list":["post-207","page","type-page","status-publish","hentry"],"yoast_head":"<!-- This site is optimized with the Yoast SEO plugin v27.0 - https:\/\/yoast.com\/product\/yoast-seo-wordpress\/ -->\n<title>AVISO LEGAL - NEVI GUARDIOLA<\/title>\n<meta name=\"robots\" content=\"index, follow, max-snippet:-1, max-image-preview:large, max-video-preview:-1\" \/>\n<link rel=\"canonical\" href=\"https:\/\/neviguardiola.com\/ca\/207-2\/\" \/>\n<meta property=\"og:locale\" content=\"ca_ES\" \/>\n<meta property=\"og:type\" content=\"article\" \/>\n<meta property=\"og:title\" content=\"AVISO LEGAL - NEVI GUARDIOLA\" \/>\n<meta property=\"og:description\" content=\"AVISO LEGAL1. DATOS IDENTIFICATIVOS En cumplimiento con el deber de informaci\u00f3n recogido en art\u00edculo 10 de la Ley 34\/2002, de 11 de julio, de Servicios de la Sociedad de la Informaci\u00f3n y del Comercio Electr\u00f3nico, a continuaci\u00f3n se reflejan los siguientes datos: Titular del sitio web: Mar\u00eda de las Nieves Guardiola Mar\u00edn NIF\/CIF: 46942359A Domicilio: [&hellip;]\" \/>\n<meta property=\"og:url\" content=\"https:\/\/neviguardiola.com\/ca\/207-2\/\" \/>\n<meta property=\"og:site_name\" content=\"NEVI GUARDIOLA\" \/>\n<meta property=\"article:modified_time\" content=\"2026-02-27T09:28:37+00:00\" \/>\n<meta name=\"twitter:card\" content=\"summary_large_image\" \/>\n<meta name=\"twitter:label1\" content=\"Est. reading time\" \/>\n\t<meta name=\"twitter:data1\" content=\"5 minuts\" \/>\n<script type=\"application\/ld+json\" class=\"yoast-schema-graph\">{\"@context\":\"https:\/\/schema.org\",\"@graph\":[{\"@type\":\"WebPage\",\"@id\":\"https:\/\/neviguardiola.com\/207-2\/\",\"url\":\"https:\/\/neviguardiola.com\/207-2\/\",\"name\":\"AVISO LEGAL - NEVI GUARDIOLA\",\"isPartOf\":{\"@id\":\"http:\/\/neviguardiola.com\/#website\"},\"datePublished\":\"2026-02-27T08:27:01+00:00\",\"dateModified\":\"2026-02-27T09:28:37+00:00\",\"breadcrumb\":{\"@id\":\"https:\/\/neviguardiola.com\/207-2\/#breadcrumb\"},\"inLanguage\":\"ca\",\"potentialAction\":[{\"@type\":\"ReadAction\",\"target\":[\"https:\/\/neviguardiola.com\/207-2\/\"]}]},{\"@type\":\"BreadcrumbList\",\"@id\":\"https:\/\/neviguardiola.com\/207-2\/#breadcrumb\",\"itemListElement\":[{\"@type\":\"ListItem\",\"position\":1,\"name\":\"Portada\",\"item\":\"http:\/\/neviguardiola.com\/\"},{\"@type\":\"ListItem\",\"position\":2,\"name\":\"AVISO LEGAL\"}]},{\"@type\":\"WebSite\",\"@id\":\"http:\/\/neviguardiola.com\/#website\",\"url\":\"http:\/\/neviguardiola.com\/\",\"name\":\"NEVI GUARDIOLA\",\"description\":\"Nevi Guardiola\",\"potentialAction\":[{\"@type\":\"SearchAction\",\"target\":{\"@type\":\"EntryPoint\",\"urlTemplate\":\"http:\/\/neviguardiola.com\/?s={search_term_string}\"},\"query-input\":{\"@type\":\"PropertyValueSpecification\",\"valueRequired\":true,\"valueName\":\"search_term_string\"}}],\"inLanguage\":\"ca\"}]}<\/script>\n<!-- \/ Yoast SEO plugin. -->","yoast_head_json":{"title":"AVISO LEGAL - NEVI GUARDIOLA","robots":{"index":"index","follow":"follow","max-snippet":"max-snippet:-1","max-image-preview":"max-image-preview:large","max-video-preview":"max-video-preview:-1"},"canonical":"https:\/\/neviguardiola.com\/ca\/207-2\/","og_locale":"ca_ES","og_type":"article","og_title":"AVISO LEGAL - NEVI GUARDIOLA","og_description":"AVISO LEGAL1. DATOS IDENTIFICATIVOS En cumplimiento con el deber de informaci\u00f3n recogido en art\u00edculo 10 de la Ley 34\/2002, de 11 de julio, de Servicios de la Sociedad de la Informaci\u00f3n y del Comercio Electr\u00f3nico, a continuaci\u00f3n se reflejan los siguientes datos: Titular del sitio web: Mar\u00eda de las Nieves Guardiola Mar\u00edn NIF\/CIF: 46942359A Domicilio: [&hellip;]","og_url":"https:\/\/neviguardiola.com\/ca\/207-2\/","og_site_name":"NEVI GUARDIOLA","article_modified_time":"2026-02-27T09:28:37+00:00","twitter_card":"summary_large_image","twitter_misc":{"Est. reading time":"5 minuts"},"schema":{"@context":"https:\/\/schema.org","@graph":[{"@type":"WebPage","@id":"https:\/\/neviguardiola.com\/207-2\/","url":"https:\/\/neviguardiola.com\/207-2\/","name":"AVISO LEGAL - NEVI GUARDIOLA","isPartOf":{"@id":"http:\/\/neviguardiola.com\/#website"},"datePublished":"2026-02-27T08:27:01+00:00","dateModified":"2026-02-27T09:28:37+00:00","breadcrumb":{"@id":"https:\/\/neviguardiola.com\/207-2\/#breadcrumb"},"inLanguage":"ca","potentialAction":[{"@type":"ReadAction","target":["https:\/\/neviguardiola.com\/207-2\/"]}]},{"@type":"BreadcrumbList","@id":"https:\/\/neviguardiola.com\/207-2\/#breadcrumb","itemListElement":[{"@type":"ListItem","position":1,"name":"Portada","item":"http:\/\/neviguardiola.com\/"},{"@type":"ListItem","position":2,"name":"AVISO LEGAL"}]},{"@type":"WebSite","@id":"http:\/\/neviguardiola.com\/#website","url":"http:\/\/neviguardiola.com\/","name":"NEVI GUARDIOLA","description":"Nevi Guardiola","potentialAction":[{"@type":"SearchAction","target":{"@type":"EntryPoint","urlTemplate":"http:\/\/neviguardiola.com\/?s={search_term_string}"},"query-input":{"@type":"PropertyValueSpecification","valueRequired":true,"valueName":"search_term_string"}}],"inLanguage":"ca"}]}},"_links":{"self":[{"href":"https:\/\/neviguardiola.com\/ca\/wp-json\/wp\/v2\/pages\/207","targetHints":{"allow":["GET"]}}],"collection":[{"href":"https:\/\/neviguardiola.com\/ca\/wp-json\/wp\/v2\/pages"}],"about":[{"href":"https:\/\/neviguardiola.com\/ca\/wp-json\/wp\/v2\/types\/page"}],"author":[{"embeddable":true,"href":"https:\/\/neviguardiola.com\/ca\/wp-json\/wp\/v2\/users\/1"}],"replies":[{"embeddable":true,"href":"https:\/\/neviguardiola.com\/ca\/wp-json\/wp\/v2\/comments?post=207"}],"version-history":[{"count":6,"href":"https:\/\/neviguardiola.com\/ca\/wp-json\/wp\/v2\/pages\/207\/revisions"}],"predecessor-version":[{"id":231,"href":"https:\/\/neviguardiola.com\/ca\/wp-json\/wp\/v2\/pages\/207\/revisions\/231"}],"wp:attachment":[{"href":"https:\/\/neviguardiola.com\/ca\/wp-json\/wp\/v2\/media?parent=207"}],"curies":[{"name":"wp","href":"https:\/\/api.w.org\/{rel}","templated":true}]}}