{"id":217,"date":"2026-02-27T08:41:43","date_gmt":"2026-02-27T08:41:43","guid":{"rendered":"https:\/\/neviguardiola.com\/?page_id=217"},"modified":"2026-02-27T09:27:22","modified_gmt":"2026-02-27T09:27:22","slug":"politica-de-cookies","status":"publish","type":"page","link":"https:\/\/neviguardiola.com\/ca\/politica-de-cookies\/","title":{"rendered":"POL\u00cdTICA DE COOKIES"},"content":{"rendered":"<p>[et_pb_section fb_built=\u00bb1&#8243; admin_label=\u00bbClasses\u00bb _builder_version=\u00bb4.17.4&#8243; _module_preset=\u00bbdefault\u00bb locked=\u00bboff\u00bb collapsed=\u00bbon\u00bb global_colors_info=\u00bb{}\u00bb][et_pb_row _builder_version=\u00bb4.17.4&#8243; _module_preset=\u00bbdefault\u00bb global_colors_info=\u00bb{}\u00bb][et_pb_column type=\u00bb4_4&#8243; _builder_version=\u00bb4.17.4&#8243; _module_preset=\u00bbdefault\u00bb global_colors_info=\u00bb{}\u00bb][et_pb_text _builder_version=\u00bb4.17.4&#8243; _module_preset=\u00bbc16985e1-e0d6-4022-964d-e2bfc04fa633&#8243; header_font=\u00bbCinzel||||||||\u00bb header_text_color=\u00bb#000000&#8243; header_font_size=\u00bb60px\u00bb header_line_height=\u00bb1.2em\u00bb header_font_size_tablet=\u00bb40px\u00bb header_font_size_phone=\u00bb24px\u00bb header_font_size_last_edited=\u00bbon|desktop\u00bb text_orientation_tablet=\u00bbcenter\u00bb text_orientation_phone=\u00bbcenter\u00bb text_orientation_last_edited=\u00bbon|tablet\u00bb global_colors_info=\u00bb{}\u00bb]<\/p>\n<h1>POL\u00cdTICA DE COOKIES<\/h1>\n<p>[\/et_pb_text][\/et_pb_column][\/et_pb_row][et_pb_row _builder_version=\u00bb4.27.5&#8243; _module_preset=\u00bbdefault\u00bb global_colors_info=\u00bb{}\u00bb][et_pb_column type=\u00bb4_4&#8243; _builder_version=\u00bb4.27.5&#8243; _module_preset=\u00bbdefault\u00bb global_colors_info=\u00bb{}\u00bb][et_pb_text _builder_version=\u00bb4.27.5&#8243; _module_preset=\u00bbdefault\u00bb global_colors_info=\u00bb{}\u00bb]<\/p>\n<h3 data-path-to-node=\"4\">1. \u00bfQU\u00c9 SON LAS COOKIES?<\/h3>\n<p data-path-to-node=\"5\">Una cookie es un fichero que se descarga en su ordenador o dispositivo m\u00f3vil al acceder a determinadas p\u00e1ginas web. Las cookies permiten a una p\u00e1gina web, entre otras cosas, almacenar y recuperar informaci\u00f3n sobre los h\u00e1bitos de navegaci\u00f3n de un usuario o de su equipo y, dependiendo de la informaci\u00f3n que contengan y de la forma en que utilice su equipo, pueden utilizarse para reconocer al usuario.<\/p>\n<p data-path-to-node=\"5\">\n<p data-path-to-node=\"5\">\n<h3 data-path-to-node=\"6\">2. \u00bfQU\u00c9 TIPO DE COOKIES UTILIZA ESTA WEB?<\/h3>\n<p data-path-to-node=\"7\">Dependiendo de su finalidad, esta web utiliza:<\/p>\n<ul data-path-to-node=\"8\">\n<li>\n<p data-path-to-node=\"8,0,0\"><b data-path-to-node=\"8,0,0\" data-index-in-node=\"0\">Cookies t\u00e9cnicas:<\/b> Son aquellas que permiten al usuario la navegaci\u00f3n a trav\u00e9s de la p\u00e1gina web y la utilizaci\u00f3n de las diferentes opciones o servicios que en ella existen, como controlar el tr\u00e1fico o identificar la sesi\u00f3n.<\/p>\n<\/li>\n<li>\n<p data-path-to-node=\"8,1,0\"><b data-path-to-node=\"8,1,0\" data-index-in-node=\"0\">Cookies de personalizaci\u00f3n:<\/b> Permiten al usuario acceder al servicio con algunas caracter\u00edsticas de car\u00e1cter general predefinidas en funci\u00f3n de una serie de criterios en el terminal del usuario (por ejemplo, el idioma).<\/p>\n<\/li>\n<li>\n<p data-path-to-node=\"8,2,0\"><b data-path-to-node=\"8,2,0\" data-index-in-node=\"0\">Cookies de an\u00e1lisis:<\/b> Son aquellas que, bien tratadas por nosotros o por terceros, nos permiten cuantificar el n\u00famero de usuarios y as\u00ed realizar la medici\u00f3n y an\u00e1lisis estad\u00edstico de la utilizaci\u00f3n que hacen los usuarios del servicio ofertado.<\/p>\n<\/li>\n<li>\n<p data-path-to-node=\"8,3,0\"><b data-path-to-node=\"8,3,0\" data-index-in-node=\"0\">Cookies de redes sociales:<\/b> Aquellas que pueden ser instaladas por servicios de terceros (como Instagram o Facebook) para permitir compartir contenidos o realizar un seguimiento de la interacci\u00f3n social.<\/p>\n<\/li>\n<\/ul>\n<p>&nbsp;<\/p>\n<h3 data-path-to-node=\"9\">3. RELACI\u00d3N DE COOKIES UTILIZADAS<\/h3>\n<table data-path-to-node=\"10\">\n<thead>\n<tr>\n<td><strong>Proveedor<\/strong><\/td>\n<td><strong>Finalidad<\/strong><\/td>\n<td><strong>Expiraci\u00f3n<\/strong><\/td>\n<\/tr>\n<\/thead>\n<tbody>\n<tr>\n<td><span data-path-to-node=\"10,1,0,0\"><b data-path-to-node=\"10,1,0,0\" data-index-in-node=\"0\">Propia<\/b><\/span><\/td>\n<td><span data-path-to-node=\"10,1,1,0\">Gesti\u00f3n del consentimiento de cookies<\/span><\/td>\n<td><span data-path-to-node=\"10,1,2,0\">1 a\u00f1o<\/span><\/td>\n<\/tr>\n<tr>\n<td><span data-path-to-node=\"10,2,0,0\"><b data-path-to-node=\"10,2,0,0\" data-index-in-node=\"0\">Google Analytics<\/b><\/span><\/td>\n<td><span data-path-to-node=\"10,2,1,0\">Estad\u00edsticas de tr\u00e1fico y comportamiento<\/span><\/td>\n<td><span data-path-to-node=\"10,2,2,0\">2 a\u00f1os<\/span><\/td>\n<\/tr>\n<tr>\n<td><span data-path-to-node=\"10,3,0,0\"><b data-path-to-node=\"10,3,0,0\" data-index-in-node=\"0\">Seguridad<\/b><\/span><\/td>\n<td><span data-path-to-node=\"10,3,1,0\">Prevenci\u00f3n de ataques fraudulentos<\/span><\/td>\n<td><span data-path-to-node=\"10,3,2,0\">Sesi\u00f3n<\/span><\/td>\n<\/tr>\n<\/tbody>\n<\/table>\n<h3 data-path-to-node=\"11\"><\/h3>\n<h3 data-path-to-node=\"11\"><\/h3>\n<h3 data-path-to-node=\"11\"><\/h3>\n<h3 data-path-to-node=\"11\"><\/h3>\n<h3 data-path-to-node=\"11\">4. GESTI\u00d3N Y DESACTIVACI\u00d3N DE COOKIES<\/h3>\n<p data-path-to-node=\"12\">El usuario tiene la posibilidad de configurar su navegador para ser avisado de la recepci\u00f3n de cookies y para impedir su instalaci\u00f3n en su equipo. A continuaci\u00f3n, indicamos los enlaces de los principales navegadores para gestionar cookies:<\/p>\n<ul>\n<li>\n<p data-path-to-node=\"14,0,0\"><b data-path-to-node=\"14,0,0\" data-index-in-node=\"0\">Google Chrome:<\/b> Configuraci\u00f3n -&gt; Privacidad y seguridad -&gt; Cookies y otros datos de sitios.<\/p>\n<\/li>\n<li>\n<p data-path-to-node=\"14,1,0\"><b data-path-to-node=\"14,1,0\" data-index-in-node=\"0\">Mozilla Firefox:<\/b> Ajustes -&gt; Privacidad y Seguridad -&gt; Cookies y datos del sitio.<\/p>\n<\/li>\n<li>\n<p data-path-to-node=\"14,2,0\"><b data-path-to-node=\"14,2,0\" data-index-in-node=\"0\">Safari:<\/b> Preferencias -&gt; Privacidad -&gt; Cookies y datos de sitios web.<\/p>\n<\/li>\n<li>\n<p data-path-to-node=\"14,3,0\"><b data-path-to-node=\"14,3,0\" data-index-in-node=\"0\">Microsoft Edge:<\/b> Configuraci\u00f3n -&gt; Cookies y permisos del sitio.<\/p>\n<\/li>\n<\/ul>\n<p data-path-to-node=\"12\"><span style=\"font-size: 14px;\">Tenga en cuenta que la desactivaci\u00f3n de algunas cookies puede impedir o dificultar la navegaci\u00f3n o la prestaci\u00f3n de los servicios ofrecidos en este sitio web.<\/span><\/p>\n<p data-path-to-node=\"14\">\n<h3 data-path-to-node=\"15\">5. CONSENTIMIENTO<\/h3>\n<p data-path-to-node=\"16\">Al navegar y continuar en nuestro sitio web el usuario estar\u00e1 consintiendo el uso de las cookies anteriormente enunciadas, por los plazos se\u00f1alados y en las condiciones contenidas en la presente Pol\u00edtica de Cookies.<\/p>\n<p data-path-to-node=\"16\">\n<h3 data-path-to-node=\"17\">6. CONTACTO<\/h3>\n<p data-path-to-node=\"18\">Para cualquier duda sobre esta pol\u00edtica, puede ponerse en contacto con nosotros en:<\/p>\n<ul data-path-to-node=\"19\">\n<li>\n<p data-path-to-node=\"19,0,0\"><b data-path-to-node=\"19,0,0\" data-index-in-node=\"0\">Direcci\u00f3n:<\/b> Carrer del Nord, 35, 08291, Ripollet (Barcelona)<\/p>\n<\/li>\n<li>\n<p data-path-to-node=\"19,1,0\"><b data-path-to-node=\"19,1,0\" data-index-in-node=\"0\">Email:<\/b> healthyfoodbynevi@gmail.com<\/p>\n<\/li>\n<\/ul>\n<p>[\/et_pb_text][\/et_pb_column][\/et_pb_row][\/et_pb_section][et_pb_section fb_built=\u00bb1&#8243; fullwidth=\u00bbon\u00bb _builder_version=\u00bb4.27.5&#8243; _module_preset=\u00bbdefault\u00bb global_colors_info=\u00bb{}\u00bb][et_pb_fullwidth_image src=\u00bbhttp:\/\/neviguardiola.com\/wp-content\/uploads\/2026\/02\/BANNER-KIT-DIGITAL1.png\u00bb title_text=\u00bbBANNER-KIT-DIGITAL(1)\u00bb _builder_version=\u00bb4.27.5&#8243; _module_preset=\u00bbdefault\u00bb global_colors_info=\u00bb{}\u00bb][\/et_pb_fullwidth_image][\/et_pb_section]<\/p>\n","protected":false},"excerpt":{"rendered":"<p>POL\u00cdTICA DE COOKIES1. \u00bfQU\u00c9 SON LAS COOKIES? Una cookie es un fichero que se descarga en su ordenador o dispositivo m\u00f3vil al acceder a determinadas p\u00e1ginas web. Las cookies permiten a una p\u00e1gina web, entre otras cosas, almacenar y recuperar informaci\u00f3n sobre los h\u00e1bitos de navegaci\u00f3n de un usuario o de su equipo y, dependiendo [&hellip;]<\/p>\n","protected":false},"author":1,"featured_media":0,"parent":0,"menu_order":0,"comment_status":"closed","ping_status":"closed","template":"","meta":{"_et_pb_use_builder":"on","_et_pb_old_content":"","_et_gb_content_width":"","footnotes":""},"class_list":["post-217","page","type-page","status-publish","hentry"],"yoast_head":"<!-- This site is optimized with the Yoast SEO plugin v27.0 - https:\/\/yoast.com\/product\/yoast-seo-wordpress\/ -->\n<title>POL\u00cdTICA DE COOKIES - NEVI GUARDIOLA<\/title>\n<meta name=\"robots\" content=\"index, follow, max-snippet:-1, max-image-preview:large, max-video-preview:-1\" \/>\n<link rel=\"canonical\" href=\"http:\/\/neviguardiola.com\/ca\/politica-de-cookies\/\" \/>\n<meta property=\"og:locale\" content=\"ca_ES\" \/>\n<meta property=\"og:type\" content=\"article\" \/>\n<meta property=\"og:title\" content=\"POL\u00cdTICA DE COOKIES - NEVI GUARDIOLA\" \/>\n<meta property=\"og:description\" content=\"POL\u00cdTICA DE COOKIES1. \u00bfQU\u00c9 SON LAS COOKIES? Una cookie es un fichero que se descarga en su ordenador o dispositivo m\u00f3vil al acceder a determinadas p\u00e1ginas web. Las cookies permiten a una p\u00e1gina web, entre otras cosas, almacenar y recuperar informaci\u00f3n sobre los h\u00e1bitos de navegaci\u00f3n de un usuario o de su equipo y, dependiendo [&hellip;]\" \/>\n<meta property=\"og:url\" content=\"http:\/\/neviguardiola.com\/ca\/politica-de-cookies\/\" \/>\n<meta property=\"og:site_name\" content=\"NEVI GUARDIOLA\" \/>\n<meta property=\"article:modified_time\" content=\"2026-02-27T09:27:22+00:00\" \/>\n<meta name=\"twitter:card\" content=\"summary_large_image\" \/>\n<meta name=\"twitter:label1\" content=\"Est. reading time\" \/>\n\t<meta name=\"twitter:data1\" content=\"3 minuts\" \/>\n<script type=\"application\/ld+json\" class=\"yoast-schema-graph\">{\"@context\":\"https:\/\/schema.org\",\"@graph\":[{\"@type\":\"WebPage\",\"@id\":\"http:\/\/neviguardiola.com\/politica-de-cookies\/\",\"url\":\"http:\/\/neviguardiola.com\/politica-de-cookies\/\",\"name\":\"POL\u00cdTICA DE COOKIES - NEVI GUARDIOLA\",\"isPartOf\":{\"@id\":\"http:\/\/neviguardiola.com\/#website\"},\"datePublished\":\"2026-02-27T08:41:43+00:00\",\"dateModified\":\"2026-02-27T09:27:22+00:00\",\"breadcrumb\":{\"@id\":\"http:\/\/neviguardiola.com\/politica-de-cookies\/#breadcrumb\"},\"inLanguage\":\"ca\",\"potentialAction\":[{\"@type\":\"ReadAction\",\"target\":[\"http:\/\/neviguardiola.com\/politica-de-cookies\/\"]}]},{\"@type\":\"BreadcrumbList\",\"@id\":\"http:\/\/neviguardiola.com\/politica-de-cookies\/#breadcrumb\",\"itemListElement\":[{\"@type\":\"ListItem\",\"position\":1,\"name\":\"Portada\",\"item\":\"http:\/\/neviguardiola.com\/\"},{\"@type\":\"ListItem\",\"position\":2,\"name\":\"POL\u00cdTICA DE COOKIES\"}]},{\"@type\":\"WebSite\",\"@id\":\"http:\/\/neviguardiola.com\/#website\",\"url\":\"http:\/\/neviguardiola.com\/\",\"name\":\"NEVI GUARDIOLA\",\"description\":\"Nevi Guardiola\",\"potentialAction\":[{\"@type\":\"SearchAction\",\"target\":{\"@type\":\"EntryPoint\",\"urlTemplate\":\"http:\/\/neviguardiola.com\/?s={search_term_string}\"},\"query-input\":{\"@type\":\"PropertyValueSpecification\",\"valueRequired\":true,\"valueName\":\"search_term_string\"}}],\"inLanguage\":\"ca\"}]}<\/script>\n<!-- \/ Yoast SEO plugin. -->","yoast_head_json":{"title":"POL\u00cdTICA DE COOKIES - NEVI GUARDIOLA","robots":{"index":"index","follow":"follow","max-snippet":"max-snippet:-1","max-image-preview":"max-image-preview:large","max-video-preview":"max-video-preview:-1"},"canonical":"http:\/\/neviguardiola.com\/ca\/politica-de-cookies\/","og_locale":"ca_ES","og_type":"article","og_title":"POL\u00cdTICA DE COOKIES - NEVI GUARDIOLA","og_description":"POL\u00cdTICA DE COOKIES1. \u00bfQU\u00c9 SON LAS COOKIES? Una cookie es un fichero que se descarga en su ordenador o dispositivo m\u00f3vil al acceder a determinadas p\u00e1ginas web. Las cookies permiten a una p\u00e1gina web, entre otras cosas, almacenar y recuperar informaci\u00f3n sobre los h\u00e1bitos de navegaci\u00f3n de un usuario o de su equipo y, dependiendo [&hellip;]","og_url":"http:\/\/neviguardiola.com\/ca\/politica-de-cookies\/","og_site_name":"NEVI GUARDIOLA","article_modified_time":"2026-02-27T09:27:22+00:00","twitter_card":"summary_large_image","twitter_misc":{"Est. reading time":"3 minuts"},"schema":{"@context":"https:\/\/schema.org","@graph":[{"@type":"WebPage","@id":"http:\/\/neviguardiola.com\/politica-de-cookies\/","url":"http:\/\/neviguardiola.com\/politica-de-cookies\/","name":"POL\u00cdTICA DE COOKIES - NEVI GUARDIOLA","isPartOf":{"@id":"http:\/\/neviguardiola.com\/#website"},"datePublished":"2026-02-27T08:41:43+00:00","dateModified":"2026-02-27T09:27:22+00:00","breadcrumb":{"@id":"http:\/\/neviguardiola.com\/politica-de-cookies\/#breadcrumb"},"inLanguage":"ca","potentialAction":[{"@type":"ReadAction","target":["http:\/\/neviguardiola.com\/politica-de-cookies\/"]}]},{"@type":"BreadcrumbList","@id":"http:\/\/neviguardiola.com\/politica-de-cookies\/#breadcrumb","itemListElement":[{"@type":"ListItem","position":1,"name":"Portada","item":"http:\/\/neviguardiola.com\/"},{"@type":"ListItem","position":2,"name":"POL\u00cdTICA DE COOKIES"}]},{"@type":"WebSite","@id":"http:\/\/neviguardiola.com\/#website","url":"http:\/\/neviguardiola.com\/","name":"NEVI GUARDIOLA","description":"Nevi Guardiola","potentialAction":[{"@type":"SearchAction","target":{"@type":"EntryPoint","urlTemplate":"http:\/\/neviguardiola.com\/?s={search_term_string}"},"query-input":{"@type":"PropertyValueSpecification","valueRequired":true,"valueName":"search_term_string"}}],"inLanguage":"ca"}]}},"_links":{"self":[{"href":"https:\/\/neviguardiola.com\/ca\/wp-json\/wp\/v2\/pages\/217","targetHints":{"allow":["GET"]}}],"collection":[{"href":"https:\/\/neviguardiola.com\/ca\/wp-json\/wp\/v2\/pages"}],"about":[{"href":"https:\/\/neviguardiola.com\/ca\/wp-json\/wp\/v2\/types\/page"}],"author":[{"embeddable":true,"href":"https:\/\/neviguardiola.com\/ca\/wp-json\/wp\/v2\/users\/1"}],"replies":[{"embeddable":true,"href":"https:\/\/neviguardiola.com\/ca\/wp-json\/wp\/v2\/comments?post=217"}],"version-history":[{"count":3,"href":"https:\/\/neviguardiola.com\/ca\/wp-json\/wp\/v2\/pages\/217\/revisions"}],"predecessor-version":[{"id":227,"href":"https:\/\/neviguardiola.com\/ca\/wp-json\/wp\/v2\/pages\/217\/revisions\/227"}],"wp:attachment":[{"href":"https:\/\/neviguardiola.com\/ca\/wp-json\/wp\/v2\/media?parent=217"}],"curies":[{"name":"wp","href":"https:\/\/api.w.org\/{rel}","templated":true}]}}